{"id":1256,"date":"2025-04-07T14:35:32","date_gmt":"2025-04-07T12:35:32","guid":{"rendered":"https:\/\/heida:8890\/?page_id=1256"},"modified":"2026-04-14T10:31:30","modified_gmt":"2026-04-14T08:31:30","slug":"qui-suis-je","status":"publish","type":"page","link":"https:\/\/heida.fr\/?page_id=1256","title":{"rendered":"Coordinatrice d&rsquo;intimit\u00e9"},"content":{"rendered":"<div class=\"wpb-content-wrapper\"><p>[vc_section full_width=\u00a0\u00bbstretch_row\u00a0\u00bb css=\u00a0\u00bb.vc_custom_1744192076172{margin-top: -140px !important;border-bottom-width: 100px !important;padding-top: 100px !important;background-color: #F6E6DD !important;}\u00a0\u00bb][vc_row gap=\u00a0\u00bb30&Prime; css_animation=\u00a0\u00bbfadeInRight\u00a0\u00bb effects_enabled_delay=\u00a0\u00bb500&Prime;][vc_column width=\u00a0\u00bb1\/2&Prime; interactions_enabled=\u00a0\u00bb1&Prime; css_animation=\u00a0\u00bbfadeInLeftBig\u00a0\u00bb][vc_single_image image=\u00a0\u00bb1415&Prime; img_size=\u00a0\u00bblarge\u00a0\u00bb alignment=\u00a0\u00bbright\u00a0\u00bb css=\u00a0\u00bb\u00a0\u00bb css_animation=\u00a0\u00bbfadeIn\u00a0\u00bb el_id=\u00a0\u00bbphoto-heida\u00a0\u00bb][vc_single_image image=\u00a0\u00bb1436&Prime; img_size=\u00a0\u00bblarge\u00a0\u00bb alignment=\u00a0\u00bbright\u00a0\u00bb css=\u00a0\u00bb\u00a0\u00bb css_animation=\u00a0\u00bbfadeIn\u00a0\u00bb][vc_column_text css=\u00a0\u00bb.vc_custom_1744900778319{margin-top: -10px !important;border-top-width: -20px !important;}\u00a0\u00bb]\u00a9 <a href=\"https:\/\/www.instagram.com\/alexandre_ghestem\/\">@alexandre_ghestem<\/a>[\/vc_column_text][\/vc_column][vc_column width=\u00a0\u00bb1\/2&Prime; css_animation=\u00a0\u00bbfadeInRight\u00a0\u00bb effects_enabled_delay=\u00a0\u00bb1000&Prime;][vc_column_text css=\u00a0\u00bb\u00a0\u00bb]Sensible depuis toujours \u00e0 l\u2019impact des arts visuels, je suis une formation de technicienne du cin\u00e9ma \u00e0 l\u2019INSAS, Bruxelles, en section Image. Puis, r\u00e9volt\u00e9e par le traitement des actrices sur les plateaux \u2013 et plus largement par les injustices li\u00e9es au genre \u2013, je me tourne en 2022 vers le m\u00e9tier de coordinatrice d\u2019intimit\u00e9 en esp\u00e9rant changer la donne dans le milieu du cin\u00e9ma. Je me forme aupr\u00e8s des organismes Cintima (USA) et Principal Intimacy Professionals (Canada).<\/p>\n<p>En parall\u00e8le, je valide un M2 de Droit du travail, emball\u00e9e par cette \u201c<em>branche du droit qui se m\u00e9fie du consentement de l\u2019une des parties et tente de prot\u00e9ger le faible contre le fort, de r\u00e9\u00e9quilibrer les volont\u00e9s<\/em>\u201d comme l\u2019\u00e9crit Camille Kouchner. Je collabore en tant que juriste sp\u00e9cialis\u00e9e en droit du travail avec le cabinet <a href=\"http:\/\/www.aequality.fr\/\">\u00e6quality<\/a> sur la conduite d\u2019enqu\u00eates internes en cas de signalements de violences sexuelles et sexistes, de harc\u00e8lement ou de discrimination(s) au travail. <strong>Cette approche \u00e0 la crois\u00e9e du juridique et de l\u2019artistique me dote d\u2019outils pour aborder les dynamiques de pouvoir et structurer un cadre de travail \u00e9thique et respectueux.<\/strong><\/p>\n<p>Mon parcours en danse (danse classique, tango argentin, pole dance et yoga) influence ma pratique de la coordination d\u2019intimit\u00e9 : ces disciplines m\u2019ont appris \u00e0 d\u00e9velopper une \u00e9coute du corps, un respect des limites et une compr\u00e9hension du mouvement dans toute sa richesse \u00e9motionnelle et physique. Cette approche me permet de concevoir des sc\u00e8nes intimes avec une attention particuli\u00e8re aux d\u00e9tails \u2013 types de touchers, respirations, regards \u2013 en garantissant la s\u00e9curit\u00e9 et le confort des com\u00e9dien\u00b7nes.[\/vc_column_text][\/vc_column][\/vc_row][vc_row css=\u00a0\u00bb.vc_custom_1744192134254{padding-top: 20px !important;padding-bottom: 20px !important;}\u00a0\u00bb][vc_column][\/vc_column][\/vc_row][\/vc_section][vc_row css=\u00a0\u00bb.vc_custom_1744191538067{margin-top: 100px !important;margin-bottom: 100px !important;}\u00a0\u00bb el_class=\u00a0\u00bbprojectstitle\u00a0\u00bb][vc_column][vc_column_text css=\u00a0\u00bb\u00a0\u00bb]<\/p>\n<h4 style=\"text-align: center;\">Derniers projets<\/h4>\n<p>[\/vc_column_text][vc_row_inner el_class=\u00a0\u00bbprojectslist\u00a0\u00bb css=\u00a0\u00bb.vc_custom_1744191675745{padding-top: 50px !important;}\u00a0\u00bb][vc_column_inner width=\u00a0\u00bb1\/4&Prime;][vc_column_text css=\u00a0\u00bb\u00a0\u00bb]<strong>La fille de personne<\/strong><br \/>\nMarie-Odile Weiss<br \/>\nPetit Film<br \/>\n2026[\/vc_column_text][\/vc_column_inner][vc_column_inner width=\u00a0\u00bb1\/4&Prime;][vc_column_text css=\u00a0\u00bb\u00a0\u00bb]<strong>Les filles ne pleurent pas<\/strong><br \/>\nMargot Burger<br \/>\nAd Vitam Court<br \/>\n2026[\/vc_column_text][\/vc_column_inner][vc_column_inner width=\u00a0\u00bb1\/4&Prime;][vc_column_text css=\u00a0\u00bb\u00a0\u00bb]<strong>Sea, sun and burn<\/strong><br \/>\nPauline Cancel<br \/>\nMondina Films<br \/>\n2025[\/vc_column_text][\/vc_column_inner][vc_column_inner width=\u00a0\u00bb1\/4&Prime;][vc_column_text css=\u00a0\u00bb\u00a0\u00bb]<strong>Le Bruit des abeilles<\/strong><br \/>\nLola Naymark<br \/>\nMelocoton<br \/>\n2025[\/vc_column_text][\/vc_column_inner][\/vc_row_inner][vc_row_inner el_class=\u00a0\u00bbprojectslist\u00a0\u00bb css=\u00a0\u00bb.vc_custom_1744191675745{padding-top: 50px !important;}\u00a0\u00bb][vc_column_inner width=\u00a0\u00bb1\/4&Prime;][vc_column_text css=\u00a0\u00bb\u00a0\u00bb]<strong>Quelques mots d&rsquo;amour<\/strong><br \/>\nRudi Rosenberg<br \/>\nChi-fou-mi<br \/>\n2025[\/vc_column_text][\/vc_column_inner][vc_column_inner width=\u00a0\u00bb1\/4&Prime;][vc_column_text css=\u00a0\u00bb\u00a0\u00bb]<strong>Chronique d&rsquo;un \u00e9t\u00e9<\/strong><br \/>\nAnoushka<br \/>\nCanal+, Kaalk production<br \/>\n2025[\/vc_column_text][\/vc_column_inner][vc_column_inner width=\u00a0\u00bb1\/4&Prime;][vc_column_text css=\u00a0\u00bb\u00a0\u00bb]<strong>Romance marin\u00e9e au four<\/strong><br \/>\nBarth\u00e9l\u00e9my Auguin<br \/>\nCine Qua Non Essec, CINE FAC<br \/>\n2025[\/vc_column_text][\/vc_column_inner][vc_column_inner width=\u00a0\u00bb1\/4&Prime;][vc_column_text css=\u00a0\u00bb\u00a0\u00bb]<strong>La Loi de la chair<\/strong><br \/>\nAlice Barsby<br \/>\nWrong Films<br \/>\n2025[\/vc_column_text][\/vc_column_inner][\/vc_row_inner][vc_row_inner el_class=\u00a0\u00bbprojectslist\u00a0\u00bb css=\u00a0\u00bb.vc_custom_1744191675745{padding-top: 50px !important;}\u00a0\u00bb][vc_column_inner width=\u00a0\u00bb1\/4&Prime;][vc_column_text css=\u00a0\u00bb\u00a0\u00bb]<strong>Body of Glass<\/strong><br \/>\nNa\u00ebmi Ada<br \/>\nVents Contraires<br \/>\n2025[\/vc_column_text][\/vc_column_inner][vc_column_inner width=\u00a0\u00bb1\/4&Prime;][vc_column_text css=\u00a0\u00bb\u00a0\u00bb]<strong>Mystery Ferry<\/strong><br \/>\nIris Chassaigne<br \/>\nGogogo Films<br \/>\n2025[\/vc_column_text][\/vc_column_inner][vc_column_inner width=\u00a0\u00bb1\/4&Prime;][vc_column_text css=\u00a0\u00bb\u00a0\u00bb]<strong>La Plus belle fille du Havre<br \/>\n<\/strong>Mathilde Aplincourt<br \/>\nTonnerre de l&rsquo;Ouest<br \/>\n2025<\/p>\n<p>[\/vc_column_text][\/vc_column_inner][vc_column_inner width=\u00a0\u00bb1\/4&Prime;][vc_column_text css=\u00a0\u00bb\u00a0\u00bb]<strong>Xyllela Fastidiosa<br \/>\n<\/strong>Thomas Colineau<br \/>\nLa Cellule Productions<br \/>\n2025[\/vc_column_text][\/vc_column_inner][\/vc_row_inner][vc_row_inner el_class=\u00a0\u00bbprojectslist\u00a0\u00bb css=\u00a0\u00bb.vc_custom_1744191675745{padding-top: 50px !important;}\u00a0\u00bb][vc_column_inner width=\u00a0\u00bb1\/4&Prime;][vc_column_text css=\u00a0\u00bb\u00a0\u00bb]<strong>Les Amours \u00e9lectriques<\/strong><br \/>\nAlois Sandner D\u00edaz<br \/>\nModerato<br \/>\n2024[\/vc_column_text][\/vc_column_inner][\/vc_row_inner][\/vc_column][\/vc_row][vc_row full_width=\u00a0\u00bbstretch_row_content_no_spaces\u00a0\u00bb css=\u00a0\u00bb.vc_custom_1588153532674{margin-bottom: 0px !important;}\u00a0\u00bb custom_css_code=\u00a0\u00bbJTQwbWVkaWElMjAlMjhtYXgtd2lkdGglM0ElMjA0ODBweCUyOSU3QiUwQSUyMCUyMCUyMC5nZW0tYnV0dG9uLXNpemUtZ2lhbnQlN0IlMEElMjAlMjAlMjAlMjAlMjAlMjAlMjAlMjBmb250LXNpemUlM0ElMjAxNHB4JTNCJTBBJTIwJTIwJTIwJTIwJTIwJTIwJTIwJTIwYm9yZGVyLXdpZHRoJTNBJTIwNHB4JTNCJTBBJTIwJTIwJTIwJTIwJTIwJTIwJTIwJTIwbWFyZ2luJTNBMCUzQiUwQSUyMCUyMCUyMCU3RCUwQSU3RCUwQQ==\u00a0\u00bb][vc_column css=\u00a0\u00bb.vc_custom_1587646939638{padding-top: 0px !important;}\u00a0\u00bb]<div class=\"clearboth\"><\/div><style>#thegem-divider-69f35842e286b {margin-top: 70px !important;}<\/style><div id=\"thegem-divider-69f35842e286b\" class=\"gem-divider  \" style=\"\" ><\/div><div class=\"clearboth\"><\/div><style>#thegem-divider-69f35842e2893 {margin-top: 70px !important;}<\/style><div id=\"thegem-divider-69f35842e2893\" class=\"gem-divider  \" style=\"\" ><\/div>[\/vc_column][\/vc_row][vc_row full_width=\u00a0\u00bbstretch_row\u00a0\u00bb css=\u00a0\u00bb.vc_custom_1587822613146{margin-bottom: 0px !important;}\u00a0\u00bb custom_css_code=\u00a0\u00bbJTQwbWVkaWElMjAlMjhtYXgtd2lkdGglM0ElMjA0ODBweCUyOSU3QiUwQSUyMCUyMCUyMC5nZW0tYnV0dG9uLXNpemUtZ2lhbnQlN0IlMEElMjAlMjAlMjAlMjAlMjAlMjAlMjAlMjBmb250LXNpemUlM0ElMjAxNnB4JTNCJTBBJTIwJTIwJTIwJTIwJTIwJTIwJTIwJTIwYm9yZGVyLXdpZHRoJTNBJTIwNHB4JTNCJTBBJTIwJTIwJTIwJTIwJTIwJTIwJTIwJTIwbWFyZ2luJTNBMCUzQiUwQSUyMCUyMCUyMCUyMCUyMCUyMCUyMCUyMHBhZGRpbmclM0ElMjAwcHglMjAxMHB4JTNCJTBBJTIwJTIwJTIwJTdEJTBBJTdE\u00a0\u00bb][vc_column css=\u00a0\u00bb.vc_custom_1587643950260{padding-top: 0px !important;}\u00a0\u00bb]<div id=\"fullwidth-block-69f35842e28bf\" class=\"fullwidth-block clearfix\"  style=\"background-color: #ffffff;padding-top: 40px;padding-bottom: 40px;\"><script type=\"text\/javascript\">if (typeof(gem_fix_fullwidth_position) == \"function\") { gem_fix_fullwidth_position(document.getElementById(\"fullwidth-block-69f35842e28bf\")); }<\/script><div class=\"fullwidth-block-inner\"><div class=\"gem-textbox  centered-box\"  ><div class=\"gem-textbox-top gem-textbox-top-note-1\"><svg width=\"100%\" height=\"31\" style=\"fill: #DE9E9E;\"><defs><pattern id=\"pattern-1777555522-41\" x=\"11\" y=\"0\" width=\"23\" height=\"32\" patternUnits=\"userSpaceOnUse\" ><path d=\"M20,9h3V0H0v9h3c2.209,0,4,1.791,4,4v6c0,2.209-1.791,4-4,4H0v9h23v-9h-3c-2.209,0-4-1.791-4-4v-6C16,10.791,17.791,9,20,9z\" \/><\/pattern><\/defs><rect x=\"0\" y=\"0\" width=\"100%\" height=\"32\" style=\"fill: url(#pattern-1777555522-41);\" \/><\/svg><\/div><div class=\"gem-textbox-inner\" style=\"\"><div class=\"gem-textbox-content\" style=\"background-color: #DE9E9E;background-position: center top;\"><style type=\"text\/css\">.thegem-button-69f35842e2a604989 .gem-button svg {fill: #ffffff;}.thegem-button-69f35842e2a604989 .gem-button:hover svg {fill: #504637;}<\/style><div class=\"gem-button-container gem-button-position-inline thegem-button-69f35842e2a604989    \"  ><a title=\"Me contacter\" class=\"gem-button gem-button-size-large gem-button-style-outline gem-button-text-weight-normal gem-button-border-6  gem-button-flex\" data-ll-effect=\"drop-right-without-wrap\" style=\"border-radius: 0px;border-color: #ffffff;color: #ffffff;\" onmouseleave=\"this.style.borderColor='#ffffff';this.style.backgroundColor='transparent';this.style.color='#ffffff';\" onmouseenter=\"this.style.borderColor='#ffffff';this.style.backgroundColor='#ffffff';this.style.color='#504637';\" href=\"https:\/\/heida.fr\/?page_id=1267\" target=\"_self\"><span class=\"gem-button-text title-h4\">Me contacter<\/span><\/a><\/div> <\/div><\/div><div class=\"gem-textbox-bottom gem-textbox-bottom-sentence\"><svg width=\"100\" height=\"50\" style=\"fill: #DE9E9E;\"><path d=\"M 0,-1 Q 45,5 50,50 Q 55,5 100,-1\" \/><\/svg><\/div><\/div><\/div><\/div>[\/vc_column][\/vc_row]<\/p>\n<\/div>","protected":false},"excerpt":{"rendered":"<p>[vc_section full_width=\u00a0\u00bbstretch_row\u00a0\u00bb css=\u00a0\u00bb.vc_custom_1744192076172{margin-top: -140px !important;border-bottom-width: 100px !important;padding-top: 100px !important;background-color: #F6E6DD !important;}\u00a0\u00bb][vc_row gap=\u00a0\u00bb30&Prime; css_animation=\u00a0\u00bbfadeInRight\u00a0\u00bb effects_enabled_delay=\u00a0\u00bb500&Prime;][vc_column width=\u00a0\u00bb1\/2&Prime; interactions_enabled=\u00a0\u00bb1&Prime; css_animation=\u00a0\u00bbfadeInLeftBig\u00a0\u00bb][vc_single_image image=\u00a0\u00bb1415&Prime; img_size=\u00a0\u00bblarge\u00a0\u00bb alignment=\u00a0\u00bbright\u00a0\u00bb&#8230;<\/p>\n","protected":false},"author":1,"featured_media":0,"parent":0,"menu_order":0,"comment_status":"closed","ping_status":"closed","template":"","meta":{"_seopress_robots_primary_cat":"","_seopress_titles_title":"","_seopress_titles_desc":"","_seopress_robots_index":"","footnotes":""},"class_list":["post-1256","page","type-page","status-publish"],"_links":{"self":[{"href":"https:\/\/heida.fr\/index.php?rest_route=\/wp\/v2\/pages\/1256","targetHints":{"allow":["GET"]}}],"collection":[{"href":"https:\/\/heida.fr\/index.php?rest_route=\/wp\/v2\/pages"}],"about":[{"href":"https:\/\/heida.fr\/index.php?rest_route=\/wp\/v2\/types\/page"}],"author":[{"embeddable":true,"href":"https:\/\/heida.fr\/index.php?rest_route=\/wp\/v2\/users\/1"}],"replies":[{"embeddable":true,"href":"https:\/\/heida.fr\/index.php?rest_route=%2Fwp%2Fv2%2Fcomments&post=1256"}],"version-history":[{"count":62,"href":"https:\/\/heida.fr\/index.php?rest_route=\/wp\/v2\/pages\/1256\/revisions"}],"predecessor-version":[{"id":1468,"href":"https:\/\/heida.fr\/index.php?rest_route=\/wp\/v2\/pages\/1256\/revisions\/1468"}],"wp:attachment":[{"href":"https:\/\/heida.fr\/index.php?rest_route=%2Fwp%2Fv2%2Fmedia&parent=1256"}],"curies":[{"name":"wp","href":"https:\/\/api.w.org\/{rel}","templated":true}]}}