{"id":2,"date":"2025-03-31T11:09:07","date_gmt":"2025-03-31T09:09:07","guid":{"rendered":"https:\/\/heida:8890\/?page_id=2"},"modified":"2026-04-14T10:28:43","modified_gmt":"2026-04-14T08:28:43","slug":"page-d-exemple","status":"publish","type":"page","link":"https:\/\/heida.fr\/","title":{"rendered":"Coordination d\u2019intimit\u00e9"},"content":{"rendered":"<div class=\"wpb-content-wrapper\"><p>[vc_row css_animation=\u00a0\u00bbfadeIn\u00a0\u00bb custom_css_code=\u00a0\u00bbJTIwLmdlbS10ZXh0Ym94LWNvbnRlbnQlN0IlMEFwYWRkaW5nJTNBJTIwMCUzQiUwQSU3RCUwQS5nZW0tYWxlcnQtYm94LmNlbnRlcmVkLWJveCUyMC5nZW0tYWxlcnQtYm94LWNvbnRlbnQlN0IlMEFwYWRkaW5nJTNBJTIwMCUzQiUwQSU3RA==\u00a0\u00bb][vc_column css_animation=\u00a0\u00bbfadeIn\u00a0\u00bb el_id=\u00a0\u00bbphoto\u00a0\u00bb]<div id=\"fullwidth-block-69f343b402e4f\" class=\"fullwidth-block fullwidth-block-parallax-fixed clearfix\" data-mobile-parallax-enable=\"0\" style=\"padding-top: 10vhpx;padding-bottom: 10vhpx;\"><script type=\"text\/javascript\">if (typeof(gem_fix_fullwidth_position) == \"function\") { gem_fix_fullwidth_position(document.getElementById(\"fullwidth-block-69f343b402e4f\")); }<\/script><div class=\"fullwidth-block-background\" style=\"background-image: url(https:\/\/heida.fr\/wp-content\/uploads\/2025\/03\/Screenshot-2025-02-08-at-00.38.37.png);background-repeat: no-repeat; background-size: cover;background-position: center top;\"><\/div><div class=\"fullwidth-block-parallax-overlay\" style=\"background-color: #00BCD400;\"><\/div><div class=\"fullwidth-block-inner\"><div class=\"container\">[vc_column_text css=\u00a0\u00bb.vc_custom_1743608683110{padding-top: 20vh !important;}\u00a0\u00bb css_animation=\u00a0\u00bbslideInUp\u00a0\u00bb el_class=\u00a0\u00bbtitre\u00a0\u00bb]<\/p>\n<h2>Coordinatrice d&rsquo;intimit\u00e9<\/h2>\n<p>[\/vc_column_text][vc_column_text css=\u00a0\u00bb.vc_custom_1744186916325{padding-bottom: 20vh !important;}\u00a0\u00bb css_animation=\u00a0\u00bbfadeInUp\u00a0\u00bb el_class=\u00a0\u00bbsoustitre\u00a0\u00bb effects_enabled_delay=\u00a0\u00bb500&Prime;][\/vc_column_text]<\/div><\/div><\/div>[\/vc_column][\/vc_row][vc_row css_animation=\u00a0\u00bbfadeIn\u00a0\u00bb el_id=\u00a0\u00bbintro\u00a0\u00bb css=\u00a0\u00bb.vc_custom_1744099386593{margin-top: -20px !important;}\u00a0\u00bb effects_enabled_delay=\u00a0\u00bb500&Prime;][vc_column]<div id=\"fullwidth-block-69f343b402ea1\" class=\"fullwidth-block clearfix\"  style=\"background-color: #F6E7DD;padding-top: 50px;padding-bottom: 50px;padding-left: 30px;padding-right: 30px;\"><script type=\"text\/javascript\">if (typeof(gem_fix_fullwidth_position) == \"function\") { gem_fix_fullwidth_position(document.getElementById(\"fullwidth-block-69f343b402ea1\")); }<\/script><div class=\"fullwidth-block-inner\">[vc_column_text css=\u00a0\u00bb\u00a0\u00bb]<\/p>\n<p class=\"has-text-align-center uicore-animate-scroll fadeIn animated\" data-ui-animation=\"fadeIn\">La coordinatrice d\u2019intimit\u00e9 coordonne les \u00e9quipes lors de la pr\u00e9paration et du tournage de sc\u00e8nes d\u2019intimit\u00e9.<\/p>\n<p class=\"has-text-align-center uicore-animate-scroll fadeIn animated\" data-ui-animation=\"fadeIn\">Elle chor\u00e9graphie les sc\u00e8nes, s\u2019assure que le consentement des acteur\u2022ices est respect\u00e9 tout en permettant \u00e0 la mise en sc\u00e8ne de raconter l&rsquo;histoire de mani\u00e8re cr\u00e9dible et esth\u00e9tique.<\/p>\n<p class=\"has-text-align-center uicore-animate-scroll fadeIn animated\" data-ui-animation=\"fadeIn\">Elle contribue \u00e0 mettre en place un environnement de travail s\u00e9curisant et confortable pour tou\u00b7tes lors du tournage de sc\u00e8nes sensibles.<\/p>\n<p>[\/vc_column_text]<\/div><\/div>[\/vc_column][\/vc_row][vc_section el_id=\u00a0\u00bbquand\u00a0\u00bb css=\u00a0\u00bb.vc_custom_1744099469571{margin-top: 15vh !important;}\u00a0\u00bb][vc_row css=\u00a0\u00bb.vc_custom_1744099479357{padding-right: 20px !important;padding-left: 20px !important;}\u00a0\u00bb][vc_column][vc_column_text css=\u00a0\u00bb.vc_custom_1743670604878{padding-bottom: 50px !important;}\u00a0\u00bb el_class=\u00a0\u00bbmax800&Prime;]<\/p>\n<h3 class=\"wp-block-heading has-text-align-center is-style-asterisk\">Quand engager une coordinatrice d\u2019intimit\u00e9 ?<\/h3>\n<p>[\/vc_column_text][vc_column_text css=\u00a0\u00bb\u00a0\u00bb el_class=\u00a0\u00bbmax800&Prime;]<\/p>\n<div class=\"styled-subtitle\"><span id=\"copy-emoji\" class=\"efont\">\u270d\ufe0f<\/span> D\u00e8s la phase d\u2019\u00e9criture pour un accompagnement dans l\u2019\u00e9criture des sc\u00e8nes intimes.<\/div>\n<p>[\/vc_column_text][vc_column_text css=\u00a0\u00bb\u00a0\u00bb el_class=\u00a0\u00bbmax800&Prime;]<\/p>\n<div class=\"styled-subtitle\"><span id=\"copy-emoji\" class=\"efont\"><\/span><span id=\"copy-emoji\" class=\"efont\">\ud83c\udfac<\/span><span id=\"copy-emoji\" class=\"efont\"><\/span> En phase de pr\u00e9paration du projet pour un accompagnement en r\u00e9p\u00e9tition et sur le plateau.<\/div>\n<p>[\/vc_column_text][vc_column_text css=\u00a0\u00bb\u00a0\u00bb el_class=\u00a0\u00bbmax800&Prime;]<\/p>\n<div class=\"styled-subtitle\"><span id=\"copy-emoji\" class=\"efont\">\ud83d\udccd<\/span> Lorsque le sc\u00e9nario contient au moins une sc\u00e8ne impliquant :<\/div>\n<p>[\/vc_column_text][\/vc_column][\/vc_row][vc_row gap=\u00a0\u00bb20&Prime; equal_height=\u00a0\u00bbyes\u00a0\u00bb css=\u00a0\u00bb.vc_custom_1744099504057{padding-top: 5vh !important;padding-right: 20px !important;padding-left: 20px !important;}\u00a0\u00bb][vc_column width=\u00a0\u00bb1\/3&Prime; interactions_enabled=\u00a0\u00bb1&Prime; css_animation=\u00a0\u00bbfadeInUp\u00a0\u00bb el_class=\u00a0\u00bbquand\u00a0\u00bb effects_enabled_delay=\u00a0\u00bb0&Prime; css=\u00a0\u00bb.vc_custom_1744275636895{border-top-width: 20px !important;border-right-width: 20px !important;border-bottom-width: 20px !important;border-left-width: 20px !important;padding-top: 40px !important;padding-right: 20px !important;padding-bottom: 40px !important;padding-left: 20px !important;}\u00a0\u00bb][vc_column_text css=\u00a0\u00bb.vc_custom_1744279396872{margin-right: 20px !important;margin-left: 20px !important;border-top-width: 20px !important;padding-top: 40px !important;}\u00a0\u00bb el_class=\u00a0\u00bbblanc\u00a0\u00bb]<\/p>\n<h4>DES INTERACTIONS SEXUELLES SIMUL\u00c9ES<\/h4>\n<ul>\n<li>baiser(s)<\/li>\n<li>rapport sexuel<\/li>\n<li>masturbation<\/li>\n<li>toute interaction sexuelle impliquant au moins une personne mineure<\/li>\n<li>interaction sexuelle impliquant de la figuration<\/li>\n<li>assistance sexuelle pour personnes handicap\u00e9es<\/li>\n<li>sons (respirations, voix, m\u00eame en off) simulant un rapport sexuel<\/li>\n<\/ul>\n<p>[\/vc_column_text][\/vc_column][vc_column width=\u00a0\u00bb1\/3&Prime; css_animation=\u00a0\u00bbfadeInUp\u00a0\u00bb el_class=\u00a0\u00bbquand\u00a0\u00bb effects_enabled_delay=\u00a0\u00bb200&Prime;][vc_column_text css=\u00a0\u00bb.vc_custom_1744277482006{margin-right: 20px !important;margin-left: 20px !important;border-top-width: 20px !important;border-right-width: 20px !important;border-bottom-width: 20px !important;border-left-width: 20px !important;padding-top: 40px !important;padding-bottom: 40px !important;}\u00a0\u00bb]<\/p>\n<h4>DE LA NUDIT\u00c9<\/h4>\n<p>&nbsp;<\/p>\n<ul>\n<li>nudit\u00e9 totale ou partielle, m\u00eame non \u00e9rotique<\/li>\n<li>interventions m\u00e9dicales simul\u00e9es avec de la nudit\u00e9 : accouchement, consultation gyn\u00e9cologique, op\u00e9rations chirurgicales etc.<\/li>\n<li>allaitement<\/li>\n<li>utilisation de proth\u00e8ses g\u00e9nitales<\/li>\n<li>fouille corporelle \u00e0 nu<\/li>\n<\/ul>\n<p>[\/vc_column_text][\/vc_column][vc_column width=\u00a0\u00bb1\/3&Prime; css_animation=\u00a0\u00bbfadeInUp\u00a0\u00bb el_class=\u00a0\u00bbquand\u00a0\u00bb effects_enabled_delay=\u00a0\u00bb400&Prime;][vc_column_text css=\u00a0\u00bb.vc_custom_1744277496242{margin-right: 20px !important;margin-left: 20px !important;padding-top: 40px !important;padding-bottom: 40px !important;}\u00a0\u00bb]<\/p>\n<h4>DES VIOLENCES<\/h4>\n<p>&nbsp;<\/p>\n<ul>\n<li>violences sexuelles : viol, agression sexuelle, exhibitionnisme, harc\u00e8lement sexuel<\/li>\n<li>violences psychologiques, emprise, harc\u00e8lement<\/li>\n<li>agression verbale d\u2019un personnage avec insultes \u00e0 caract\u00e8re sexiste, raciste, homophobe ou validiste<\/li>\n<li>crise d\u2019angoisse<\/li>\n<li>violences conjugales<\/li>\n<\/ul>\n<p>[\/vc_column_text][\/vc_column][\/vc_row][\/vc_section][vc_section el_id=\u00a0\u00bbbenefices\u00a0\u00bb][vc_row full_width=\u00a0\u00bbstretch_row_content_no_spaces\u00a0\u00bb content_placement=\u00a0\u00bbmiddle\u00a0\u00bb interactions_enabled=\u00a0\u00bb1&Prime; css_animation=\u00a0\u00bbfadeInUp\u00a0\u00bb css=\u00a0\u00bb.vc_custom_1744189986531{margin-bottom: 0px !important;background-color: #F6E7DD !important;}\u00a0\u00bb el_class=\u00a0\u00bbaccolade\u00a0\u00bb][vc_column]<div id=\"fullwidth-block-69f343b402ed8\" class=\"fullwidth-block clearfix\"  style=\"padding-bottom: 105px;\"><script type=\"text\/javascript\">if (typeof(gem_fix_fullwidth_position) == \"function\") { gem_fix_fullwidth_position(document.getElementById(\"fullwidth-block-69f343b402ed8\")); }<\/script><div class=\"fullwidth-block-inner\"><div class=\"container\">[vc_column_text css=\u00a0\u00bb\u00a0\u00bb css_animation=\u00a0\u00bbnone\u00a0\u00bb]<\/p>\n<div class=\"fullwidth-top-marker marker-direction-inside\"><\/div>\n<h3>B\u00e9n\u00e9fices<\/h3>\n<p>[\/vc_column_text][vc_row_inner equal_height=\u00a0\u00bbyes\u00a0\u00bb gap=\u00a0\u00bb10&Prime; el_class=\u00a0\u00bbfirstrow\u00a0\u00bb css=\u00a0\u00bb.vc_custom_1744190109062{padding-right: 20px !important;padding-left: 20px !important;}\u00a0\u00bb][vc_column_inner el_class=\u00a0\u00bbbox\u00a0\u00bb width=\u00a0\u00bb1\/2&Prime; interactions_enabled=\u00a0\u00bb1&Prime;][vc_column_text css=\u00a0\u00bb\u00a0\u00bb]<\/p>\n<h4>Pour les com\u00e9dien\u00b7nes<\/h4>\n<p class=\"p1\">La coordinatrice d\u2019intimit\u00e9 s\u00e9curise les sc\u00e8nes sensibles en \u00e9tablissant un cadre clair, en garantissant le consentement et en chor\u00e9graphiant les mouvements, permettant aux com\u00e9dien\u00b7nes de jouer avec confiance, fluidit\u00e9 et sans crainte de blessure.<\/p>\n<p>[\/vc_column_text][\/vc_column_inner][vc_column_inner el_class=\u00a0\u00bbbox\u00a0\u00bb width=\u00a0\u00bb1\/2&Prime;][vc_column_text css=\u00a0\u00bb\u00a0\u00bb]<\/p>\n<h4>Pour la production<\/h4>\n<p class=\"p1\">En s\u00e9curisant les sc\u00e8nes sensibles, la coordinatrice d\u2019intimit\u00e9 r\u00e9duit les risques humains, juridiques et artistiques. Elle prot\u00e8ge les \u00e9quipes, facilite le tournage et renforce la responsabilit\u00e9 et l\u2019image de la production.<\/p>\n<p>[\/vc_column_text][\/vc_column_inner][\/vc_row_inner][vc_row_inner equal_height=\u00a0\u00bbyes\u00a0\u00bb gap=\u00a0\u00bb10&Prime; el_class=\u00a0\u00bblastrow\u00a0\u00bb css=\u00a0\u00bb.vc_custom_1744099537492{padding-right: 20px !important;padding-left: 20px !important;}\u00a0\u00bb][vc_column_inner el_class=\u00a0\u00bbbox\u00a0\u00bb width=\u00a0\u00bb1\/2&Prime;][vc_column_text css=\u00a0\u00bb\u00a0\u00bb]<\/p>\n<h4>Pour la mise en sc\u00e8ne<\/h4>\n<p>En posant un cadre \u00e9thique, la coordinatrice d\u2019intimit\u00e9 lib\u00e8re la mise en sc\u00e8ne des clich\u00e9s. Elle s\u00e9curise les acteurs, favorise des performances justes et permet d\u2019aborder le d\u00e9sir avec justesse, force et sensibilit\u00e9.[\/vc_column_text][\/vc_column_inner][vc_column_inner el_class=\u00a0\u00bbbox\u00a0\u00bb width=\u00a0\u00bb1\/2&Prime;][vc_column_text css=\u00a0\u00bb\u00a0\u00bb]<\/p>\n<h4>Pour l\u2019\u00e9quipe technique<\/h4>\n<p>En encadrant les sc\u00e8nes sensibles, la coordinatrice d\u2019intimit\u00e9 facilite la collaboration entre \u00e9quipes, assure la s\u00e9r\u00e9nit\u00e9 sur le plateau et veille au respect des com\u00e9dien\u00b7nes sans compromettre les exigences techniques.[\/vc_column_text][\/vc_column_inner][\/vc_row_inner]<\/div><\/div><\/div>[\/vc_column][\/vc_row][\/vc_section][vc_row css=\u00a0\u00bb.vc_custom_1744099620544{padding-top: 100px !important;}\u00a0\u00bb][vc_column css=\u00a0\u00bb.vc_custom_1744099629710{padding-right: 20px !important;padding-left: 20px !important;}\u00a0\u00bb]<div class=\"preloader\"><div class=\"preloader-spin\"><\/div><\/div><div class=\"size-small style2 gem-testimonials fullwidth-block random-order\" data-autoscroll=\"7000\" style=background-color:> <div id=\"post-1230\" class=\"gem-testimonial-item post-1230 thegem_testimonial type-thegem_testimonial status-publish\"> <div class=\"gem-testimonial-wrapper \"> <div class=\"gem-testimonial-image\"> <\/div> <div class=\"gem-testimonial-content\"> <div class=\"gem-testimonial-name\" >Geoffrey Coue\u0308t<\/div> <div class=\"gem-testimonial-company\" >Acteur<\/div> <div class=\"gem-testimonial-text\" > <p>La coordination par Heida nous a permis d\u2019\u00e9viter la charge mentale de cr\u00e9er de l\u2019intimit\u00e9 entre com\u00e9diens. Cela nous a \u00e9vit\u00e9 ce moment de g\u00eane ou il faut donner un peu trop de soi.<br \/>\nJe me suis senti prot\u00e9g\u00e9 par chaque exercice, jeu, cr\u00e9\u00e9s en accord avec le projet, et accompagn\u00e9 pour trouver le bon endroit d\u2019intimit\u00e9 avec mon partenaire. Comme on prend le temps de r\u00e9p\u00e9ter une sc\u00e8ne, on prend le temps de se rencontrer pour se toucher, s\u2019embrasser avec un accompagnement s\u00e9rieux et joyeux.<br \/>\nQuel bonheur ! Apr\u00e8s cette exp\u00e9rience je sais que je voudrais une coordinatrice d\u2019intimit\u00e9 chaque fois qu\u2019il faudra, et si cela peut \u00eatre Heida c\u2019est encore mieux !<\/p> <\/div> <\/div> <\/div> <\/div> <div id=\"post-1401\" class=\"gem-testimonial-item post-1401 thegem_testimonial type-thegem_testimonial status-publish\"> <div class=\"gem-testimonial-wrapper \"> <div class=\"gem-testimonial-image\"> <\/div> <div class=\"gem-testimonial-content\"> <div class=\"gem-testimonial-name\" >Mathilde Aplincourt<\/div> <div class=\"gem-testimonial-company\" >R\u00e9alisatrice<\/div> <div class=\"gem-testimonial-text\" > <p>Le travail avec Heida a cr\u00e9\u00e9 une relation de confiance qui a permis aux acteur.ices de jouer sereinement, d\u2019aller au contact, tout en \u00e9tant au clair sur ce qui \u00e9tait OK et pas OK.<br \/>\nLa r\u00e9p\u00e9tition est souvent un moment de rencontre, un face-\u00e0-face r\u00e9alisateur.ice \/ acteur.ices, lors duquel Heida propose un regard ext\u00e9rieur et bienveillant pour rendre cr\u00e9dible un jeu amoureux, sexuel ou physique entre deux personnages. En tant qu\u2019autrice-r\u00e9alisatrice, je peux \u00e9crire les gestes, les penser, mais le passage \u00e0 l\u2019incarnation est une \u00e9tape suppl\u00e9mentaire qui m\u00e9rite un accompagnement sp\u00e9cifique.<br \/>\nLa coordination d\u2019intimit\u00e9 nous a permis de trouver des rituels pour se mettre en condition sur le plateau avant le tournage des sc\u00e8nes sensibles, tout en r\u00e9solvant la question de la cr\u00e9dibilit\u00e9 dans les relations amoureuses des personnages.<\/p> <\/div> <\/div> <\/div> <\/div> <div id=\"post-1439\" class=\"gem-testimonial-item post-1439 thegem_testimonial type-thegem_testimonial status-publish\"> <div class=\"gem-testimonial-wrapper \"> <div class=\"gem-testimonial-image\"> <\/div> <div class=\"gem-testimonial-content\"> <div class=\"gem-testimonial-name\" >Alois Sandner D\u00edaz<\/div> <div class=\"gem-testimonial-company\" >R\u00e9alisateur<\/div> <div class=\"gem-testimonial-text\" > <div>\n<div data-olk-copy-source=\"MessageBody\">Merci pour tout, Heida. Je trouve que c&rsquo;\u00e9tait tr\u00e8s tr\u00e8s beau ce que tu as r\u00e9ussi \u00e0 chor\u00e9graphier et Pia et Jules, j&rsquo;en \u00e9tais tr\u00e8s \u00e9mu.<\/div>\n<div>Merci beaucoup \u00e9galement de les avoir accompagn\u00e9.es, d\u00e9tendu.es, confort\u00e9.es, prot\u00e9g\u00e9.es. C&rsquo;\u00e9tait tr\u00e8s chouette et je crois que tous.tes les deux en \u00e9taient ravi.es<\/div>\n<div>Et je dis la m\u00eame chose \u00e0 propos de moi-m\u00eame : moi aussi j&rsquo;ai trouv\u00e9 \u00e7a tr\u00e8s simple et avais l&rsquo;impression que tu \u00e9tais l\u00e0 pour nous, pour eux, pour moi, pour le film ! J&rsquo;esp\u00e8re que tu vas continuer ! C&rsquo;est quelque chose de vraiment n\u00e9cessaire, je trouve, sur un plateau !<\/div>\n<\/div> <\/div> <\/div> <\/div> <\/div> <div class=\"testimonials_svg\"><svg style=\"fill: \" width=\"100\" height=\"50\"><path d=\"M 0,-1 Q 45,5 50,50 Q 55,5 100,-1\" \/><\/svg><\/div><\/div>[\/vc_column][\/vc_row]<\/p>\n<\/div>","protected":false},"excerpt":{"rendered":"<p>[vc_row css_animation=\u00a0\u00bbfadeIn\u00a0\u00bb custom_css_code=\u00a0\u00bbJTIwLmdlbS10ZXh0Ym94LWNvbnRlbnQlN0IlMEFwYWRkaW5nJTNBJTIwMCUzQiUwQSU3RCUwQS5nZW0tYWxlcnQtYm94LmNlbnRlcmVkLWJveCUyMC5nZW0tYWxlcnQtYm94LWNvbnRlbnQlN0IlMEFwYWRkaW5nJTNBJTIwMCUzQiUwQSU3RA==\u00a0\u00bb][vc_column css_animation=\u00a0\u00bbfadeIn\u00a0\u00bb el_id=\u00a0\u00bbphoto\u00a0\u00bb][\/vc_column][\/vc_row][vc_row css_animation=\u00a0\u00bbfadeIn\u00a0\u00bb el_id=\u00a0\u00bbintro\u00a0\u00bb css=\u00a0\u00bb.vc_custom_1744099386593{margin-top: -20px !important;}\u00a0\u00bb effects_enabled_delay=\u00a0\u00bb500&Prime;][vc_column][\/vc_column][\/vc_row][vc_section el_id=\u00a0\u00bbquand\u00a0\u00bb css=\u00a0\u00bb.vc_custom_1744099469571{margin-top: 15vh !important;}\u00a0\u00bb][vc_row css=\u00a0\u00bb.vc_custom_1744099479357{padding-right: 20px !important;padding-left: 20px !important;}\u00a0\u00bb][vc_column][vc_column_text&#8230;<\/p>\n","protected":false},"author":1,"featured_media":0,"parent":0,"menu_order":0,"comment_status":"closed","ping_status":"open","template":"","meta":{"_seopress_robots_primary_cat":"","_seopress_titles_title":"","_seopress_titles_desc":"","_seopress_robots_index":"","footnotes":""},"class_list":["post-2","page","type-page","status-publish"],"_links":{"self":[{"href":"https:\/\/heida.fr\/index.php?rest_route=\/wp\/v2\/pages\/2","targetHints":{"allow":["GET"]}}],"collection":[{"href":"https:\/\/heida.fr\/index.php?rest_route=\/wp\/v2\/pages"}],"about":[{"href":"https:\/\/heida.fr\/index.php?rest_route=\/wp\/v2\/types\/page"}],"author":[{"embeddable":true,"href":"https:\/\/heida.fr\/index.php?rest_route=\/wp\/v2\/users\/1"}],"replies":[{"embeddable":true,"href":"https:\/\/heida.fr\/index.php?rest_route=%2Fwp%2Fv2%2Fcomments&post=2"}],"version-history":[{"count":178,"href":"https:\/\/heida.fr\/index.php?rest_route=\/wp\/v2\/pages\/2\/revisions"}],"predecessor-version":[{"id":1467,"href":"https:\/\/heida.fr\/index.php?rest_route=\/wp\/v2\/pages\/2\/revisions\/1467"}],"wp:attachment":[{"href":"https:\/\/heida.fr\/index.php?rest_route=%2Fwp%2Fv2%2Fmedia&parent=2"}],"curies":[{"name":"wp","href":"https:\/\/api.w.org\/{rel}","templated":true}]}}